{"id":43,"date":"2024-03-17T16:11:52","date_gmt":"2024-03-17T16:11:52","guid":{"rendered":"https:\/\/esztergomrally.hu\/?page_id=43"},"modified":"2024-03-17T16:11:52","modified_gmt":"2024-03-17T16:11:52","slug":"impresszum","status":"publish","type":"page","link":"https:\/\/mecsekrallye.com\/en\/impresszum\/","title":{"rendered":"Impressum"},"content":{"rendered":"<div data-elementor-type=\"wp-page\" data-elementor-id=\"43\" class=\"elementor elementor-43\" data-elementor-post-type=\"page\">\n\t\t\t\t<div class=\"elementor-element elementor-element-70b0b6e e-flex e-con-boxed e-con e-parent\" data-id=\"70b0b6e\" data-element_type=\"container\" data-e-type=\"container\">\n\t\t\t\t\t<div class=\"e-con-inner\">\n\t\t\t\t<div class=\"elementor-element elementor-element-f89dee8 elementor-widget elementor-widget-heading\" data-id=\"f89dee8\" data-element_type=\"widget\" data-e-type=\"widget\" data-widget_type=\"heading.default\">\n\t\t\t\t<div class=\"elementor-widget-container\">\n\t\t\t\t\t<h2 class=\"elementor-heading-title elementor-size-default\">Impressum<\/h2>\t\t\t\t<\/div>\n\t\t\t\t<\/div>\n\t\t\t\t\t<\/div>\n\t\t\t\t<\/div>\n\t\t<div class=\"elementor-element elementor-element-dbe94cd e-flex e-con-boxed e-con e-parent\" data-id=\"dbe94cd\" data-element_type=\"container\" data-e-type=\"container\">\n\t\t\t\t\t<div class=\"e-con-inner\">\n\t\t\t\t<div class=\"elementor-element elementor-element-7541a17 elementor-widget elementor-widget-spacer\" data-id=\"7541a17\" data-element_type=\"widget\" data-e-type=\"widget\" data-widget_type=\"spacer.default\">\n\t\t\t\t<div class=\"elementor-widget-container\">\n\t\t\t\t\t\t\t<div class=\"elementor-spacer\">\n\t\t\t<div class=\"elementor-spacer-inner\"><\/div>\n\t\t<\/div>\n\t\t\t\t\t\t<\/div>\n\t\t\t\t<\/div>\n\t\t\t\t\t<\/div>\n\t\t\t\t<\/div>\n\t\t<div class=\"elementor-element elementor-element-8615110 e-flex e-con-boxed e-con e-parent\" data-id=\"8615110\" data-element_type=\"container\" data-e-type=\"container\">\n\t\t\t\t\t<div class=\"e-con-inner\">\n\t\t\t\t<div class=\"elementor-element elementor-element-7f78c71 elementor-widget elementor-widget-text-editor\" data-id=\"7f78c71\" data-element_type=\"widget\" data-e-type=\"widget\" data-widget_type=\"text-editor.default\">\n\t\t\t\t<div class=\"elementor-widget-container\">\n\t\t\t\t\t\t\t\t\t<p>P\u00e9csi Sport non-profit Zrt<\/p><p>7633 P\u00e9cs Dr. Veress Endre street 10<\/p><p>E-mail: hq@mecsekrallye.com<\/p><p>ASN (MNASZ) permit number: K-0359\/2024.05.13.<\/p><p>Organizing committee<\/p><p>Head: J\u00e1nos M\u00e1t\u00e9<\/p><p>Members: Tibor Mark\u00f3, Ern\u0151 Roth, P\u00e9ter Pokor\u00e1di, Gizella Vida, Kata R\u00e9pa, Zolt\u00e1n S\u00e1gi, Csaba Nagy.<\/p>\t\t\t\t\t\t\t\t<\/div>\n\t\t\t\t<\/div>\n\t\t\t\t\t<\/div>\n\t\t\t\t<\/div>\n\t\t<div class=\"elementor-element elementor-element-73676ee e-flex e-con-boxed e-con e-parent\" data-id=\"73676ee\" data-element_type=\"container\" data-e-type=\"container\">\n\t\t\t\t\t<div class=\"e-con-inner\">\n\t\t\t\t<div class=\"elementor-element elementor-element-225d4ff elementor-widget elementor-widget-spacer\" data-id=\"225d4ff\" data-element_type=\"widget\" data-e-type=\"widget\" data-widget_type=\"spacer.default\">\n\t\t\t\t<div class=\"elementor-widget-container\">\n\t\t\t\t\t\t\t<div class=\"elementor-spacer\">\n\t\t\t<div class=\"elementor-spacer-inner\"><\/div>\n\t\t<\/div>\n\t\t\t\t\t\t<\/div>\n\t\t\t\t<\/div>\n\t\t\t\t\t<\/div>\n\t\t\t\t<\/div>\n\t\t\t\t<\/div>","protected":false},"excerpt":{"rendered":"<p>Impresszum P\u00e9csi Sport non-profit Zrt 7633 P\u00e9cs Dr. Veress Endre utca 10 E-mail: hq@mecsekrallye.com ASN (MNASZ) enged\u00e9ly sz\u00e1ma: K-0359\/2024.05.13. Rendez\u0151biztotts\u00e1g Vezet\u0151je: M\u00e1t\u00e9 J\u00e1nos Tagjai: Mark\u00f3 Tibor, Roth Ern\u0151, Pokor\u00e1di P\u00e9ter, Vida Gizella, R\u00e9pa Kata, S\u00e1gi Zolt\u00e1n, Nagy Csaba.<\/p>","protected":false},"author":1,"featured_media":0,"parent":0,"menu_order":0,"comment_status":"closed","ping_status":"closed","template":"","meta":{"footnotes":""},"class_list":["post-43","page","type-page","status-publish","hentry"],"_links":{"self":[{"href":"https:\/\/mecsekrallye.com\/en\/wp-json\/wp\/v2\/pages\/43","targetHints":{"allow":["GET"]}}],"collection":[{"href":"https:\/\/mecsekrallye.com\/en\/wp-json\/wp\/v2\/pages"}],"about":[{"href":"https:\/\/mecsekrallye.com\/en\/wp-json\/wp\/v2\/types\/page"}],"author":[{"embeddable":true,"href":"https:\/\/mecsekrallye.com\/en\/wp-json\/wp\/v2\/users\/1"}],"replies":[{"embeddable":true,"href":"https:\/\/mecsekrallye.com\/en\/wp-json\/wp\/v2\/comments?post=43"}],"version-history":[{"count":0,"href":"https:\/\/mecsekrallye.com\/en\/wp-json\/wp\/v2\/pages\/43\/revisions"}],"wp:attachment":[{"href":"https:\/\/mecsekrallye.com\/en\/wp-json\/wp\/v2\/media?parent=43"}],"curies":[{"name":"wp","href":"https:\/\/api.w.org\/{rel}","templated":true}]}}