{"id":2600,"date":"2024-06-13T18:59:56","date_gmt":"2024-06-13T16:59:56","guid":{"rendered":"https:\/\/mecsekrallye.com\/?page_id=2600"},"modified":"2025-06-10T03:54:12","modified_gmt":"2025-06-10T01:54:12","slug":"musorfuzet","status":"publish","type":"page","link":"https:\/\/mecsekrallye.com\/en\/musorfuzet\/","title":{"rendered":"Program booklet"},"content":{"rendered":"<div data-elementor-type=\"wp-page\" data-elementor-id=\"2600\" class=\"elementor elementor-2600\" data-elementor-post-type=\"page\">\n\t\t\t\t<div class=\"elementor-element elementor-element-8ead2b3 e-flex e-con-boxed e-con e-parent\" data-id=\"8ead2b3\" data-element_type=\"container\" data-e-type=\"container\">\n\t\t\t\t\t<div class=\"e-con-inner\">\n\t\t\t\t<div class=\"elementor-element elementor-element-f027346 elementor-widget elementor-widget-spacer\" data-id=\"f027346\" data-element_type=\"widget\" data-e-type=\"widget\" data-widget_type=\"spacer.default\">\n\t\t\t\t<div class=\"elementor-widget-container\">\n\t\t\t\t\t\t\t<div class=\"elementor-spacer\">\n\t\t\t<div class=\"elementor-spacer-inner\"><\/div>\n\t\t<\/div>\n\t\t\t\t\t\t<\/div>\n\t\t\t\t<\/div>\n\t\t\t\t\t<\/div>\n\t\t\t\t<\/div>\n\t\t<div class=\"elementor-element elementor-element-1c5bd38 e-flex e-con-boxed e-con e-parent\" data-id=\"1c5bd38\" data-element_type=\"container\" data-e-type=\"container\">\n\t\t\t\t\t<div class=\"e-con-inner\">\n\t\t\t\t<div class=\"elementor-element elementor-element-af26d3b elementor-widget elementor-widget-heading\" data-id=\"af26d3b\" data-element_type=\"widget\" data-e-type=\"widget\" data-widget_type=\"heading.default\">\n\t\t\t\t<div class=\"elementor-widget-container\">\n\t\t\t\t\t<h2 class=\"elementor-heading-title elementor-size-default\">Program booklet<\/h2>\t\t\t\t<\/div>\n\t\t\t\t<\/div>\n\t\t\t\t\t<\/div>\n\t\t\t\t<\/div>\n\t\t<div class=\"elementor-element elementor-element-90acca0 e-flex e-con-boxed e-con e-parent\" data-id=\"90acca0\" data-element_type=\"container\" data-e-type=\"container\">\n\t\t\t\t\t<div class=\"e-con-inner\">\n\t\t\t\t<div class=\"elementor-element elementor-element-3e3ec56 elementor-widget elementor-widget-spacer\" data-id=\"3e3ec56\" data-element_type=\"widget\" data-e-type=\"widget\" data-widget_type=\"spacer.default\">\n\t\t\t\t<div class=\"elementor-widget-container\">\n\t\t\t\t\t\t\t<div class=\"elementor-spacer\">\n\t\t\t<div class=\"elementor-spacer-inner\"><\/div>\n\t\t<\/div>\n\t\t\t\t\t\t<\/div>\n\t\t\t\t<\/div>\n\t\t\t\t\t<\/div>\n\t\t\t\t<\/div>\n\t\t<div class=\"elementor-element elementor-element-c92532b e-flex e-con-boxed e-con e-parent\" data-id=\"c92532b\" data-element_type=\"container\" data-e-type=\"container\">\n\t\t\t\t\t<div class=\"e-con-inner\">\n\t\t\t\t<div class=\"elementor-element elementor-element-fee3d18 elementor-widget elementor-widget-image\" data-id=\"fee3d18\" data-element_type=\"widget\" data-e-type=\"widget\" data-widget_type=\"image.default\">\n\t\t\t\t<div class=\"elementor-widget-container\">\n\t\t\t\t\t\t\t\t\t\t\t\t<figure class=\"wp-caption\">\n\t\t\t\t\t\t\t\t\t\t\t<a href=\"https:\/\/mecsekrallye.com\/wp-content\/uploads\/2025\/06\/musorfuzet_mecsek_2025_final.pdf\">\n\t\t\t\t\t\t\t<img fetchpriority=\"high\" decoding=\"async\" width=\"209\" height=\"300\" src=\"https:\/\/mecsekrallye.com\/wp-content\/uploads\/2025\/06\/musorfuzet-209x300.png\" class=\"attachment-medium size-medium wp-image-5156\" alt=\"\" srcset=\"https:\/\/mecsekrallye.com\/wp-content\/uploads\/2025\/06\/musorfuzet-209x300.png 209w, https:\/\/mecsekrallye.com\/wp-content\/uploads\/2025\/06\/musorfuzet-714x1024.png 714w, https:\/\/mecsekrallye.com\/wp-content\/uploads\/2025\/06\/musorfuzet-768x1102.png 768w, https:\/\/mecsekrallye.com\/wp-content\/uploads\/2025\/06\/musorfuzet-8x12.png 8w, https:\/\/mecsekrallye.com\/wp-content\/uploads\/2025\/06\/musorfuzet.png 787w\" sizes=\"(max-width: 209px) 100vw, 209px\" \/>\t\t\t\t\t\t\t\t<\/a>\n\t\t\t\t\t\t\t\t\t\t\t<figcaption class=\"widget-image-caption wp-caption-text\">Program booklet<\/figcaption>\n\t\t\t\t\t\t\t\t\t\t<\/figure>\n\t\t\t\t\t\t\t\t\t<\/div>\n\t\t\t\t<\/div>\n\t\t\t\t\t<\/div>\n\t\t\t\t<\/div>\n\t\t\t\t<\/div>","protected":false},"excerpt":{"rendered":"<p>M\u0171sorf\u00fczet M\u0171sorf\u00fczet<\/p>","protected":false},"author":1,"featured_media":5156,"parent":0,"menu_order":0,"comment_status":"closed","ping_status":"closed","template":"","meta":{"footnotes":""},"class_list":["post-2600","page","type-page","status-publish","has-post-thumbnail","hentry"],"_links":{"self":[{"href":"https:\/\/mecsekrallye.com\/en\/wp-json\/wp\/v2\/pages\/2600","targetHints":{"allow":["GET"]}}],"collection":[{"href":"https:\/\/mecsekrallye.com\/en\/wp-json\/wp\/v2\/pages"}],"about":[{"href":"https:\/\/mecsekrallye.com\/en\/wp-json\/wp\/v2\/types\/page"}],"author":[{"embeddable":true,"href":"https:\/\/mecsekrallye.com\/en\/wp-json\/wp\/v2\/users\/1"}],"replies":[{"embeddable":true,"href":"https:\/\/mecsekrallye.com\/en\/wp-json\/wp\/v2\/comments?post=2600"}],"version-history":[{"count":16,"href":"https:\/\/mecsekrallye.com\/en\/wp-json\/wp\/v2\/pages\/2600\/revisions"}],"predecessor-version":[{"id":5164,"href":"https:\/\/mecsekrallye.com\/en\/wp-json\/wp\/v2\/pages\/2600\/revisions\/5164"}],"wp:featuredmedia":[{"embeddable":true,"href":"https:\/\/mecsekrallye.com\/en\/wp-json\/wp\/v2\/media\/5156"}],"wp:attachment":[{"href":"https:\/\/mecsekrallye.com\/en\/wp-json\/wp\/v2\/media?parent=2600"}],"curies":[{"name":"wp","href":"https:\/\/api.w.org\/{rel}","templated":true}]}}