{"id":2333,"date":"2024-06-09T19:10:33","date_gmt":"2024-06-09T17:10:33","guid":{"rendered":"https:\/\/mecsekrallye.com\/?page_id=2333"},"modified":"2025-06-12T14:33:51","modified_gmt":"2025-06-12T12:33:51","slug":"informaciok","status":"publish","type":"page","link":"https:\/\/mecsekrallye.com\/en\/informaciok\/","title":{"rendered":"Informations"},"content":{"rendered":"<div data-elementor-type=\"wp-page\" data-elementor-id=\"2333\" class=\"elementor elementor-2333\" data-elementor-post-type=\"page\">\n\t\t\t\t<div class=\"elementor-element elementor-element-084516a e-flex e-con-boxed e-con e-parent\" data-id=\"084516a\" data-element_type=\"container\" data-e-type=\"container\">\n\t\t\t\t\t<div class=\"e-con-inner\">\n\t\t\t\t<div class=\"elementor-element elementor-element-a572887 elementor-widget elementor-widget-spacer\" data-id=\"a572887\" data-element_type=\"widget\" data-e-type=\"widget\" data-widget_type=\"spacer.default\">\n\t\t\t\t<div class=\"elementor-widget-container\">\n\t\t\t\t\t\t\t<div class=\"elementor-spacer\">\n\t\t\t<div class=\"elementor-spacer-inner\"><\/div>\n\t\t<\/div>\n\t\t\t\t\t\t<\/div>\n\t\t\t\t<\/div>\n\t\t\t\t\t<\/div>\n\t\t\t\t<\/div>\n\t\t<div class=\"elementor-element elementor-element-32f45b4 e-flex e-con-boxed e-con e-parent\" data-id=\"32f45b4\" data-element_type=\"container\" data-e-type=\"container\">\n\t\t\t\t\t<div class=\"e-con-inner\">\n\t\t\t\t<div class=\"elementor-element elementor-element-476e37d elementor-widget elementor-widget-spacer\" data-id=\"476e37d\" data-element_type=\"widget\" data-e-type=\"widget\" data-widget_type=\"spacer.default\">\n\t\t\t\t<div class=\"elementor-widget-container\">\n\t\t\t\t\t\t\t<div class=\"elementor-spacer\">\n\t\t\t<div class=\"elementor-spacer-inner\"><\/div>\n\t\t<\/div>\n\t\t\t\t\t\t<\/div>\n\t\t\t\t<\/div>\n\t\t\t\t\t<\/div>\n\t\t\t\t<\/div>\n\t\t<div class=\"elementor-element elementor-element-63551bb e-flex e-con-boxed e-con e-parent\" data-id=\"63551bb\" data-element_type=\"container\" data-e-type=\"container\">\n\t\t\t\t\t<div class=\"e-con-inner\">\n\t\t\t\t<div class=\"elementor-element elementor-element-d180c6a elementor-widget elementor-widget-image\" data-id=\"d180c6a\" data-element_type=\"widget\" data-e-type=\"widget\" data-widget_type=\"image.default\">\n\t\t\t\t<div class=\"elementor-widget-container\">\n\t\t\t\t\t\t\t\t\t\t\t\t<figure class=\"wp-caption\">\n\t\t\t\t\t\t\t\t\t\t\t<a href=\"https:\/\/mecsekrallye.com\/wp-content\/uploads\/2025\/06\/2025_Felelossegvallalasi_nyilatkozat_58.-Mecsek-Rallye.pdf\">\n\t\t\t\t\t\t\t<img fetchpriority=\"high\" decoding=\"async\" width=\"213\" height=\"300\" src=\"https:\/\/mecsekrallye.com\/wp-content\/uploads\/2025\/06\/felelossegvallalas-213x300.png\" class=\"attachment-medium size-medium wp-image-5277\" alt=\"\" srcset=\"https:\/\/mecsekrallye.com\/wp-content\/uploads\/2025\/06\/felelossegvallalas-213x300.png 213w, https:\/\/mecsekrallye.com\/wp-content\/uploads\/2025\/06\/felelossegvallalas-726x1024.png 726w, https:\/\/mecsekrallye.com\/wp-content\/uploads\/2025\/06\/felelossegvallalas-768x1084.png 768w, https:\/\/mecsekrallye.com\/wp-content\/uploads\/2025\/06\/felelossegvallalas-9x12.png 9w, https:\/\/mecsekrallye.com\/wp-content\/uploads\/2025\/06\/felelossegvallalas.png 808w\" sizes=\"(max-width: 213px) 100vw, 213px\" \/>\t\t\t\t\t\t\t\t<\/a>\n\t\t\t\t\t\t\t\t\t\t\t<figcaption class=\"widget-image-caption wp-caption-text\">Felel\u0151ss\u00e9gv\u00e1llal\u00e1si Nyilatkozat<\/figcaption>\n\t\t\t\t\t\t\t\t\t\t<\/figure>\n\t\t\t\t\t\t\t\t\t<\/div>\n\t\t\t\t<\/div>\n\t\t\t\t\t<\/div>\n\t\t\t\t<\/div>\n\t\t\t\t<\/div>","protected":false},"excerpt":{"rendered":"<p>Felel\u0151ss\u00e9gv\u00e1llal\u00e1si Nyilatkozat<\/p>","protected":false},"author":1,"featured_media":0,"parent":0,"menu_order":0,"comment_status":"closed","ping_status":"closed","template":"","meta":{"footnotes":""},"class_list":["post-2333","page","type-page","status-publish","hentry"],"_links":{"self":[{"href":"https:\/\/mecsekrallye.com\/en\/wp-json\/wp\/v2\/pages\/2333","targetHints":{"allow":["GET"]}}],"collection":[{"href":"https:\/\/mecsekrallye.com\/en\/wp-json\/wp\/v2\/pages"}],"about":[{"href":"https:\/\/mecsekrallye.com\/en\/wp-json\/wp\/v2\/types\/page"}],"author":[{"embeddable":true,"href":"https:\/\/mecsekrallye.com\/en\/wp-json\/wp\/v2\/users\/1"}],"replies":[{"embeddable":true,"href":"https:\/\/mecsekrallye.com\/en\/wp-json\/wp\/v2\/comments?post=2333"}],"version-history":[{"count":22,"href":"https:\/\/mecsekrallye.com\/en\/wp-json\/wp\/v2\/pages\/2333\/revisions"}],"predecessor-version":[{"id":5285,"href":"https:\/\/mecsekrallye.com\/en\/wp-json\/wp\/v2\/pages\/2333\/revisions\/5285"}],"wp:attachment":[{"href":"https:\/\/mecsekrallye.com\/en\/wp-json\/wp\/v2\/media?parent=2333"}],"curies":[{"name":"wp","href":"https:\/\/api.w.org\/{rel}","templated":true}]}}