{"id":187,"date":"2024-05-14T21:50:10","date_gmt":"2024-05-14T19:50:10","guid":{"rendered":"http:\/\/cegesmatek.hu\/?page_id=187"},"modified":"2025-05-26T08:12:55","modified_gmt":"2025-05-26T06:12:55","slug":"nezok-2","status":"publish","type":"page","link":"https:\/\/mecsekrallye.com\/en\/nezok-2\/","title":{"rendered":"Press"},"content":{"rendered":"<div data-elementor-type=\"wp-page\" data-elementor-id=\"187\" class=\"elementor elementor-187\" data-elementor-post-type=\"page\">\n\t\t\t\t<div class=\"elementor-element elementor-element-466b5eb e-flex e-con-boxed e-con e-parent\" data-id=\"466b5eb\" data-element_type=\"container\" data-e-type=\"container\">\n\t\t\t\t\t<div class=\"e-con-inner\">\n\t\t\t\t<div class=\"elementor-element elementor-element-12d29bf elementor-widget elementor-widget-heading\" data-id=\"12d29bf\" data-element_type=\"widget\" data-e-type=\"widget\" data-widget_type=\"heading.default\">\n\t\t\t\t<div class=\"elementor-widget-container\">\n\t\t\t\t\t<h2 class=\"elementor-heading-title elementor-size-default\">Press Office<\/h2>\t\t\t\t<\/div>\n\t\t\t\t<\/div>\n\t\t\t\t<div class=\"elementor-element elementor-element-8b40d26 elementor-widget elementor-widget-text-editor\" data-id=\"8b40d26\" data-element_type=\"widget\" data-e-type=\"widget\" data-widget_type=\"text-editor.default\">\n\t\t\t\t<div class=\"elementor-widget-container\">\n\t\t\t\t\t\t\t\t\t<p>Location <a href=\"https:\/\/maps.app.goo.gl\/3gW2yomBFv97Svne6\">Expo Center P\u00e9cs, Megyeri u. 72<\/a><\/p><p>GPS: N46 03.363 E18 12.602<\/p><p><strong>Press office opening hours<\/strong><\/p><p>2025.06.13. friday 08:00-20:00<\/p><p>2025.06.14. szombat 07:00-22:00<\/p><p>2025.06.15. sunday 08:00-20:30<\/p>\t\t\t\t\t\t\t\t<\/div>\n\t\t\t\t<\/div>\n\t\t\t\t\t<\/div>\n\t\t\t\t<\/div>\n\t\t\t\t<\/div>","protected":false},"excerpt":{"rendered":"<p>Sajt\u00f3iroda Helysz\u00edne: Expo Center P\u00e9cs, Megyeri u. 72 GPS: N46 03.363 E18 12.602 Sajt\u00f3iroda nyitvatart\u00e1sa 2025.06.13. p\u00e9ntek\u00a0 \u00a0 \u00a0 08:00-20:00 2025.06.14. szombat 07:00-22:00 2025.06.15. vas\u00e1rnap\u00a0 \u00a0 \u00a0 08:00-20:30<\/p>","protected":false},"author":1,"featured_media":0,"parent":0,"menu_order":0,"comment_status":"closed","ping_status":"closed","template":"","meta":{"footnotes":""},"class_list":["post-187","page","type-page","status-publish","hentry"],"_links":{"self":[{"href":"https:\/\/mecsekrallye.com\/en\/wp-json\/wp\/v2\/pages\/187","targetHints":{"allow":["GET"]}}],"collection":[{"href":"https:\/\/mecsekrallye.com\/en\/wp-json\/wp\/v2\/pages"}],"about":[{"href":"https:\/\/mecsekrallye.com\/en\/wp-json\/wp\/v2\/types\/page"}],"author":[{"embeddable":true,"href":"https:\/\/mecsekrallye.com\/en\/wp-json\/wp\/v2\/users\/1"}],"replies":[{"embeddable":true,"href":"https:\/\/mecsekrallye.com\/en\/wp-json\/wp\/v2\/comments?post=187"}],"version-history":[{"count":12,"href":"https:\/\/mecsekrallye.com\/en\/wp-json\/wp\/v2\/pages\/187\/revisions"}],"predecessor-version":[{"id":4900,"href":"https:\/\/mecsekrallye.com\/en\/wp-json\/wp\/v2\/pages\/187\/revisions\/4900"}],"wp:attachment":[{"href":"https:\/\/mecsekrallye.com\/en\/wp-json\/wp\/v2\/media?parent=187"}],"curies":[{"name":"wp","href":"https:\/\/api.w.org\/{rel}","templated":true}]}}