{"id":159,"date":"2024-05-14T21:45:47","date_gmt":"2024-05-14T19:45:47","guid":{"rendered":"http:\/\/cegesmatek.hu\/?page_id=159"},"modified":"2025-06-12T14:41:28","modified_gmt":"2025-06-12T12:41:28","slug":"terkep","status":"publish","type":"page","link":"https:\/\/mecsekrallye.com\/en\/terkep\/","title":{"rendered":"Map"},"content":{"rendered":"<div data-elementor-type=\"wp-page\" data-elementor-id=\"159\" class=\"elementor elementor-159\" data-elementor-post-type=\"page\">\n\t\t\t\t<div class=\"elementor-element elementor-element-316042c e-flex e-con-boxed e-con e-parent\" data-id=\"316042c\" data-element_type=\"container\" data-e-type=\"container\">\n\t\t\t\t\t<div class=\"e-con-inner\">\n\t\t\t\t<div class=\"elementor-element elementor-element-e8f2429 elementor-widget elementor-widget-spacer\" data-id=\"e8f2429\" data-element_type=\"widget\" data-e-type=\"widget\" data-widget_type=\"spacer.default\">\n\t\t\t\t<div class=\"elementor-widget-container\">\n\t\t\t\t\t\t\t<div class=\"elementor-spacer\">\n\t\t\t<div class=\"elementor-spacer-inner\"><\/div>\n\t\t<\/div>\n\t\t\t\t\t\t<\/div>\n\t\t\t\t<\/div>\n\t\t\t\t\t<\/div>\n\t\t\t\t<\/div>\n\t\t<div class=\"elementor-element elementor-element-38a1c27 e-flex e-con-boxed e-con e-parent\" data-id=\"38a1c27\" data-element_type=\"container\" data-e-type=\"container\">\n\t\t\t\t\t<div class=\"e-con-inner\">\n\t\t\t\t<div class=\"elementor-element elementor-element-0262656 elementor-widget elementor-widget-heading\" data-id=\"0262656\" data-element_type=\"widget\" data-e-type=\"widget\" data-widget_type=\"heading.default\">\n\t\t\t\t<div class=\"elementor-widget-container\">\n\t\t\t\t\t<h2 class=\"elementor-heading-title elementor-size-default\">58. Mecsek Rallye t\u00e9rk\u00e9pek<\/h2>\t\t\t\t<\/div>\n\t\t\t\t<\/div>\n\t\t\t\t\t<\/div>\n\t\t\t\t<\/div>\n\t\t<div class=\"elementor-element elementor-element-37a6891 e-flex e-con-boxed e-con e-parent\" data-id=\"37a6891\" data-element_type=\"container\" data-e-type=\"container\">\n\t\t\t\t\t<div class=\"e-con-inner\">\n\t\t\t\t<div class=\"elementor-element elementor-element-d572e09 elementor-widget elementor-widget-spacer\" data-id=\"d572e09\" data-element_type=\"widget\" data-e-type=\"widget\" data-widget_type=\"spacer.default\">\n\t\t\t\t<div class=\"elementor-widget-container\">\n\t\t\t\t\t\t\t<div class=\"elementor-spacer\">\n\t\t\t<div class=\"elementor-spacer-inner\"><\/div>\n\t\t<\/div>\n\t\t\t\t\t\t<\/div>\n\t\t\t\t<\/div>\n\t\t\t\t\t<\/div>\n\t\t\t\t<\/div>\n\t\t<div class=\"elementor-element elementor-element-2cfe22a e-grid e-con-boxed e-con e-parent\" data-id=\"2cfe22a\" data-element_type=\"container\" data-e-type=\"container\">\n\t\t\t\t\t<div class=\"e-con-inner\">\n\t\t\t\t<div class=\"elementor-element elementor-element-7399b79 elementor-widget elementor-widget-image\" data-id=\"7399b79\" data-element_type=\"widget\" data-e-type=\"widget\" data-widget_type=\"image.default\">\n\t\t\t\t<div class=\"elementor-widget-container\">\n\t\t\t\t\t\t\t\t\t\t\t\t\t\t\t\t<a href=\"https:\/\/mecsekrallye.com\/wp-content\/uploads\/2025\/06\/Maps_Terkepek_MR25-0612-normal.pdf\">\n\t\t\t\t\t\t\t<img fetchpriority=\"high\" decoding=\"async\" width=\"214\" height=\"300\" src=\"https:\/\/mecsekrallye.com\/wp-content\/uploads\/2025\/06\/terkepek-214x300.png\" class=\"attachment-medium size-medium wp-image-5287\" alt=\"\" srcset=\"https:\/\/mecsekrallye.com\/wp-content\/uploads\/2025\/06\/terkepek-214x300.png 214w, https:\/\/mecsekrallye.com\/wp-content\/uploads\/2025\/06\/terkepek-730x1024.png 730w, https:\/\/mecsekrallye.com\/wp-content\/uploads\/2025\/06\/terkepek-768x1077.png 768w, https:\/\/mecsekrallye.com\/wp-content\/uploads\/2025\/06\/terkepek-9x12.png 9w, https:\/\/mecsekrallye.com\/wp-content\/uploads\/2025\/06\/terkepek.png 875w\" sizes=\"(max-width: 214px) 100vw, 214px\" \/>\t\t\t\t\t\t\t\t<\/a>\n\t\t\t\t\t\t\t\t\t\t\t\t\t\t\t<\/div>\n\t\t\t\t<\/div>\n\t\t\t\t<div class=\"elementor-element elementor-element-e2a6d87 elementor-widget elementor-widget-image\" data-id=\"e2a6d87\" data-element_type=\"widget\" data-e-type=\"widget\" data-widget_type=\"image.default\">\n\t\t\t\t<div class=\"elementor-widget-container\">\n\t\t\t\t\t\t\t\t\t\t\t\t\t\t\t\t<a href=\"https:\/\/mecsekrallye.com\/wp-content\/uploads\/2025\/06\/Maps_Terkepek_MR25-0612-mobil-barat.pdf\">\n\t\t\t\t\t\t\t<img decoding=\"async\" width=\"213\" height=\"300\" src=\"https:\/\/mecsekrallye.com\/wp-content\/uploads\/2025\/06\/terkepek_m-213x300.png\" class=\"attachment-medium size-medium wp-image-5288\" alt=\"\" srcset=\"https:\/\/mecsekrallye.com\/wp-content\/uploads\/2025\/06\/terkepek_m-213x300.png 213w, https:\/\/mecsekrallye.com\/wp-content\/uploads\/2025\/06\/terkepek_m-728x1024.png 728w, https:\/\/mecsekrallye.com\/wp-content\/uploads\/2025\/06\/terkepek_m-768x1080.png 768w, https:\/\/mecsekrallye.com\/wp-content\/uploads\/2025\/06\/terkepek_m-9x12.png 9w, https:\/\/mecsekrallye.com\/wp-content\/uploads\/2025\/06\/terkepek_m.png 879w\" sizes=\"(max-width: 213px) 100vw, 213px\" \/>\t\t\t\t\t\t\t\t<\/a>\n\t\t\t\t\t\t\t\t\t\t\t\t\t\t\t<\/div>\n\t\t\t\t<\/div>\n\t\t\t\t\t<\/div>\n\t\t\t\t<\/div>\n\t\t<div class=\"elementor-element elementor-element-d054a0b e-flex e-con-boxed e-con e-parent\" data-id=\"d054a0b\" data-element_type=\"container\" data-e-type=\"container\">\n\t\t\t\t\t<div class=\"e-con-inner\">\n\t\t<div class=\"elementor-element elementor-element-b267e5f e-con-full e-flex e-con e-child\" data-id=\"b267e5f\" data-element_type=\"container\" data-e-type=\"container\">\n\t\t\t\t<div class=\"elementor-element elementor-element-32e868b elementor-widget elementor-widget-image\" data-id=\"32e868b\" data-element_type=\"widget\" data-e-type=\"widget\" data-widget_type=\"image.default\">\n\t\t\t\t<div class=\"elementor-widget-container\">\n\t\t\t\t\t\t\t\t\t\t\t\t\t\t\t\t<a href=\"https:\/\/mecsekrallye.com\/wp-content\/uploads\/2025\/06\/2_nap_pecsvarad_heteny2025.jpg\" data-elementor-open-lightbox=\"yes\" data-elementor-lightbox-title=\"2_nap_p\u00e9csv\u00e1rad_heteny2025\" data-e-action-hash=\"#elementor-action%3Aaction%3Dlightbox%26settings%3DeyJpZCI6NDk2OCwidXJsIjoiaHR0cHM6XC9cL21lY3Nla3JhbGx5ZS5jb21cL3dwLWNvbnRlbnRcL3VwbG9hZHNcLzIwMjVcLzA2XC8yX25hcF9wZWNzdmFyYWRfaGV0ZW55MjAyNS5qcGcifQ%3D%3D\">\n\t\t\t\t\t\t\t<img decoding=\"async\" width=\"800\" height=\"982\" src=\"https:\/\/mecsekrallye.com\/wp-content\/uploads\/2025\/06\/2_nap_pecsvarad_heteny2025-834x1024.jpg\" class=\"attachment-large size-large wp-image-4968\" alt=\"\" srcset=\"https:\/\/mecsekrallye.com\/wp-content\/uploads\/2025\/06\/2_nap_pecsvarad_heteny2025-834x1024.jpg 834w, https:\/\/mecsekrallye.com\/wp-content\/uploads\/2025\/06\/2_nap_pecsvarad_heteny2025-244x300.jpg 244w, https:\/\/mecsekrallye.com\/wp-content\/uploads\/2025\/06\/2_nap_pecsvarad_heteny2025-768x943.jpg 768w, https:\/\/mecsekrallye.com\/wp-content\/uploads\/2025\/06\/2_nap_pecsvarad_heteny2025-1250x1536.jpg 1250w, https:\/\/mecsekrallye.com\/wp-content\/uploads\/2025\/06\/2_nap_pecsvarad_heteny2025-10x12.jpg 10w, https:\/\/mecsekrallye.com\/wp-content\/uploads\/2025\/06\/2_nap_pecsvarad_heteny2025.jpg 1559w\" sizes=\"(max-width: 800px) 100vw, 800px\" \/>\t\t\t\t\t\t\t\t<\/a>\n\t\t\t\t\t\t\t\t\t\t\t\t\t\t\t<\/div>\n\t\t\t\t<\/div>\n\t\t\t\t<\/div>\n\t\t<div class=\"elementor-element elementor-element-b9914db e-con-full e-flex e-con e-child\" data-id=\"b9914db\" data-element_type=\"container\" data-e-type=\"container\">\n\t\t\t\t<div class=\"elementor-element elementor-element-6bae455 elementor-widget elementor-widget-image\" data-id=\"6bae455\" data-element_type=\"widget\" data-e-type=\"widget\" data-widget_type=\"image.default\">\n\t\t\t\t<div class=\"elementor-widget-container\">\n\t\t\t\t\t\t\t\t\t\t\t\t\t\t\t\t<a href=\"https:\/\/mecsekrallye.com\/wp-content\/uploads\/2025\/06\/1_nap_Gy4-Zobak_Pvarad_2025-scaled.jpg\" data-elementor-open-lightbox=\"yes\" data-elementor-lightbox-title=\"1_nap_Gy4 Zob\u00e1k_Pv\u00e1rad_2025\" data-e-action-hash=\"#elementor-action%3Aaction%3Dlightbox%26settings%3DeyJpZCI6NDk2OSwidXJsIjoiaHR0cHM6XC9cL21lY3Nla3JhbGx5ZS5jb21cL3dwLWNvbnRlbnRcL3VwbG9hZHNcLzIwMjVcLzA2XC8xX25hcF9HeTQtWm9iYWtfUHZhcmFkXzIwMjUtc2NhbGVkLmpwZyJ9\">\n\t\t\t\t\t\t\t<img loading=\"lazy\" decoding=\"async\" width=\"800\" height=\"992\" src=\"https:\/\/mecsekrallye.com\/wp-content\/uploads\/2025\/06\/1_nap_Gy4-Zobak_Pvarad_2025-826x1024.jpg\" class=\"attachment-large size-large wp-image-4969\" alt=\"\" srcset=\"https:\/\/mecsekrallye.com\/wp-content\/uploads\/2025\/06\/1_nap_Gy4-Zobak_Pvarad_2025-826x1024.jpg 826w, https:\/\/mecsekrallye.com\/wp-content\/uploads\/2025\/06\/1_nap_Gy4-Zobak_Pvarad_2025-242x300.jpg 242w, https:\/\/mecsekrallye.com\/wp-content\/uploads\/2025\/06\/1_nap_Gy4-Zobak_Pvarad_2025-768x952.jpg 768w, https:\/\/mecsekrallye.com\/wp-content\/uploads\/2025\/06\/1_nap_Gy4-Zobak_Pvarad_2025-1239x1536.jpg 1239w, https:\/\/mecsekrallye.com\/wp-content\/uploads\/2025\/06\/1_nap_Gy4-Zobak_Pvarad_2025-1652x2048.jpg 1652w, https:\/\/mecsekrallye.com\/wp-content\/uploads\/2025\/06\/1_nap_Gy4-Zobak_Pvarad_2025-10x12.jpg 10w\" sizes=\"(max-width: 800px) 100vw, 800px\" \/>\t\t\t\t\t\t\t\t<\/a>\n\t\t\t\t\t\t\t\t\t\t\t\t\t\t\t<\/div>\n\t\t\t\t<\/div>\n\t\t\t\t<\/div>\n\t\t<div class=\"elementor-element elementor-element-34858c7 e-con-full e-flex e-con e-child\" data-id=\"34858c7\" data-element_type=\"container\" data-e-type=\"container\">\n\t\t\t\t<div class=\"elementor-element elementor-element-c1aba74 elementor-widget elementor-widget-image\" data-id=\"c1aba74\" data-element_type=\"widget\" data-e-type=\"widget\" data-widget_type=\"image.default\">\n\t\t\t\t<div class=\"elementor-widget-container\">\n\t\t\t\t\t\t\t\t\t\t\t\t\t\t\t\t<a href=\"https:\/\/mecsekrallye.com\/wp-content\/uploads\/2025\/06\/2_nap_Camping-Hegyi-palya_2025-scaled.jpg\" data-elementor-open-lightbox=\"yes\" data-elementor-lightbox-title=\"2_nap_Camping-Hegyi p\u00e1lya_2025\" data-e-action-hash=\"#elementor-action%3Aaction%3Dlightbox%26settings%3DeyJpZCI6NDk3MCwidXJsIjoiaHR0cHM6XC9cL21lY3Nla3JhbGx5ZS5jb21cL3dwLWNvbnRlbnRcL3VwbG9hZHNcLzIwMjVcLzA2XC8yX25hcF9DYW1waW5nLUhlZ3lpLXBhbHlhXzIwMjUtc2NhbGVkLmpwZyJ9\">\n\t\t\t\t\t\t\t<img loading=\"lazy\" decoding=\"async\" width=\"724\" height=\"1024\" src=\"https:\/\/mecsekrallye.com\/wp-content\/uploads\/2025\/06\/2_nap_Camping-Hegyi-palya_2025-724x1024.jpg\" class=\"attachment-large size-large wp-image-4970\" alt=\"\" srcset=\"https:\/\/mecsekrallye.com\/wp-content\/uploads\/2025\/06\/2_nap_Camping-Hegyi-palya_2025-724x1024.jpg 724w, https:\/\/mecsekrallye.com\/wp-content\/uploads\/2025\/06\/2_nap_Camping-Hegyi-palya_2025-212x300.jpg 212w, https:\/\/mecsekrallye.com\/wp-content\/uploads\/2025\/06\/2_nap_Camping-Hegyi-palya_2025-768x1086.jpg 768w, https:\/\/mecsekrallye.com\/wp-content\/uploads\/2025\/06\/2_nap_Camping-Hegyi-palya_2025-1086x1536.jpg 1086w, https:\/\/mecsekrallye.com\/wp-content\/uploads\/2025\/06\/2_nap_Camping-Hegyi-palya_2025-1448x2048.jpg 1448w, https:\/\/mecsekrallye.com\/wp-content\/uploads\/2025\/06\/2_nap_Camping-Hegyi-palya_2025-8x12.jpg 8w, https:\/\/mecsekrallye.com\/wp-content\/uploads\/2025\/06\/2_nap_Camping-Hegyi-palya_2025-scaled.jpg 1810w\" sizes=\"(max-width: 724px) 100vw, 724px\" \/>\t\t\t\t\t\t\t\t<\/a>\n\t\t\t\t\t\t\t\t\t\t\t\t\t\t\t<\/div>\n\t\t\t\t<\/div>\n\t\t\t\t<\/div>\n\t\t<div class=\"elementor-element elementor-element-25567d5 e-con-full e-flex e-con e-child\" data-id=\"25567d5\" data-element_type=\"container\" data-e-type=\"container\">\n\t\t\t\t<div class=\"elementor-element elementor-element-8fd9cc5 elementor-widget elementor-widget-image\" data-id=\"8fd9cc5\" data-element_type=\"widget\" data-e-type=\"widget\" data-widget_type=\"image.default\">\n\t\t\t\t<div class=\"elementor-widget-container\">\n\t\t\t\t\t\t\t\t\t\t\t\t\t\t\t\t<a href=\"https:\/\/mecsekrallye.com\/wp-content\/uploads\/2025\/06\/1_nap_Gy2-Alsomocsolad-terkep_2025-scaled.jpg\" data-elementor-open-lightbox=\"yes\" data-elementor-lightbox-title=\"1_nap_Gy2 Als\u00f3mocsol\u00e1d t\u00e9rk\u00e9p_2025\" data-e-action-hash=\"#elementor-action%3Aaction%3Dlightbox%26settings%3DeyJpZCI6NDk3MSwidXJsIjoiaHR0cHM6XC9cL21lY3Nla3JhbGx5ZS5jb21cL3dwLWNvbnRlbnRcL3VwbG9hZHNcLzIwMjVcLzA2XC8xX25hcF9HeTItQWxzb21vY3NvbGFkLXRlcmtlcF8yMDI1LXNjYWxlZC5qcGcifQ%3D%3D\">\n\t\t\t\t\t\t\t<img loading=\"lazy\" decoding=\"async\" width=\"724\" height=\"1024\" src=\"https:\/\/mecsekrallye.com\/wp-content\/uploads\/2025\/06\/1_nap_Gy2-Alsomocsolad-terkep_2025-724x1024.jpg\" class=\"attachment-large size-large wp-image-4971\" alt=\"\" srcset=\"https:\/\/mecsekrallye.com\/wp-content\/uploads\/2025\/06\/1_nap_Gy2-Alsomocsolad-terkep_2025-724x1024.jpg 724w, https:\/\/mecsekrallye.com\/wp-content\/uploads\/2025\/06\/1_nap_Gy2-Alsomocsolad-terkep_2025-212x300.jpg 212w, https:\/\/mecsekrallye.com\/wp-content\/uploads\/2025\/06\/1_nap_Gy2-Alsomocsolad-terkep_2025-768x1086.jpg 768w, https:\/\/mecsekrallye.com\/wp-content\/uploads\/2025\/06\/1_nap_Gy2-Alsomocsolad-terkep_2025-1086x1536.jpg 1086w, https:\/\/mecsekrallye.com\/wp-content\/uploads\/2025\/06\/1_nap_Gy2-Alsomocsolad-terkep_2025-1449x2048.jpg 1449w, https:\/\/mecsekrallye.com\/wp-content\/uploads\/2025\/06\/1_nap_Gy2-Alsomocsolad-terkep_2025-8x12.jpg 8w, https:\/\/mecsekrallye.com\/wp-content\/uploads\/2025\/06\/1_nap_Gy2-Alsomocsolad-terkep_2025-scaled.jpg 1811w\" sizes=\"(max-width: 724px) 100vw, 724px\" \/>\t\t\t\t\t\t\t\t<\/a>\n\t\t\t\t\t\t\t\t\t\t\t\t\t\t\t<\/div>\n\t\t\t\t<\/div>\n\t\t\t\t<\/div>\n\t\t<div class=\"elementor-element elementor-element-0722de2 e-con-full e-flex e-con e-child\" data-id=\"0722de2\" data-element_type=\"container\" data-e-type=\"container\">\n\t\t\t\t<div class=\"elementor-element elementor-element-d5739d8 elementor-widget elementor-widget-image\" data-id=\"d5739d8\" data-element_type=\"widget\" data-e-type=\"widget\" data-widget_type=\"image.default\">\n\t\t\t\t<div class=\"elementor-widget-container\">\n\t\t\t\t\t\t\t\t\t\t\t\t\t\t\t\t<a href=\"https:\/\/mecsekrallye.com\/wp-content\/uploads\/2025\/06\/Attekinto-terkep-MR25-scaled.jpg\" data-elementor-open-lightbox=\"yes\" data-elementor-lightbox-title=\"\u00c1ttekint\u0151 t\u00e9rk\u00e9p MR25\" data-e-action-hash=\"#elementor-action%3Aaction%3Dlightbox%26settings%3DeyJpZCI6NDk3MiwidXJsIjoiaHR0cHM6XC9cL21lY3Nla3JhbGx5ZS5jb21cL3dwLWNvbnRlbnRcL3VwbG9hZHNcLzIwMjVcLzA2XC9BdHRla2ludG8tdGVya2VwLU1SMjUtc2NhbGVkLmpwZyJ9\">\n\t\t\t\t\t\t\t<img loading=\"lazy\" decoding=\"async\" width=\"800\" height=\"912\" src=\"https:\/\/mecsekrallye.com\/wp-content\/uploads\/2025\/06\/Attekinto-terkep-MR25-898x1024.jpg\" class=\"attachment-large size-large wp-image-4972\" alt=\"\" srcset=\"https:\/\/mecsekrallye.com\/wp-content\/uploads\/2025\/06\/Attekinto-terkep-MR25-898x1024.jpg 898w, https:\/\/mecsekrallye.com\/wp-content\/uploads\/2025\/06\/Attekinto-terkep-MR25-263x300.jpg 263w, https:\/\/mecsekrallye.com\/wp-content\/uploads\/2025\/06\/Attekinto-terkep-MR25-768x876.jpg 768w, https:\/\/mecsekrallye.com\/wp-content\/uploads\/2025\/06\/Attekinto-terkep-MR25-1347x1536.jpg 1347w, https:\/\/mecsekrallye.com\/wp-content\/uploads\/2025\/06\/Attekinto-terkep-MR25-1796x2048.jpg 1796w, https:\/\/mecsekrallye.com\/wp-content\/uploads\/2025\/06\/Attekinto-terkep-MR25-11x12.jpg 11w\" sizes=\"(max-width: 800px) 100vw, 800px\" \/>\t\t\t\t\t\t\t\t<\/a>\n\t\t\t\t\t\t\t\t\t\t\t\t\t\t\t<\/div>\n\t\t\t\t<\/div>\n\t\t\t\t<\/div>\n\t\t<div class=\"elementor-element elementor-element-c3a2a5c e-con-full e-flex e-con e-child\" data-id=\"c3a2a5c\" data-element_type=\"container\" data-e-type=\"container\">\n\t\t\t\t<div class=\"elementor-element elementor-element-c0bcdbc elementor-widget elementor-widget-image\" data-id=\"c0bcdbc\" data-element_type=\"widget\" data-e-type=\"widget\" data-widget_type=\"image.default\">\n\t\t\t\t<div class=\"elementor-widget-container\">\n\t\t\t\t\t\t\t\t\t\t\t\t\t\t\t\t<a href=\"https:\/\/mecsekrallye.com\/wp-content\/uploads\/2025\/06\/1_nap_gy1_Arpadteto_Orfu2025.jpg\" data-elementor-open-lightbox=\"yes\" data-elementor-lightbox-title=\"1_nap_gy1_\u00c1rp\u00e1dtet\u0151_Orfu2025\" data-e-action-hash=\"#elementor-action%3Aaction%3Dlightbox%26settings%3DeyJpZCI6NDk3MywidXJsIjoiaHR0cHM6XC9cL21lY3Nla3JhbGx5ZS5jb21cL3dwLWNvbnRlbnRcL3VwbG9hZHNcLzIwMjVcLzA2XC8xX25hcF9neTFfQXJwYWR0ZXRvX09yZnUyMDI1LmpwZyJ9\">\n\t\t\t\t\t\t\t<img loading=\"lazy\" decoding=\"async\" width=\"703\" height=\"1024\" src=\"https:\/\/mecsekrallye.com\/wp-content\/uploads\/2025\/06\/1_nap_gy1_Arpadteto_Orfu2025-703x1024.jpg\" class=\"attachment-large size-large wp-image-4973\" alt=\"\" srcset=\"https:\/\/mecsekrallye.com\/wp-content\/uploads\/2025\/06\/1_nap_gy1_Arpadteto_Orfu2025-703x1024.jpg 703w, https:\/\/mecsekrallye.com\/wp-content\/uploads\/2025\/06\/1_nap_gy1_Arpadteto_Orfu2025-206x300.jpg 206w, https:\/\/mecsekrallye.com\/wp-content\/uploads\/2025\/06\/1_nap_gy1_Arpadteto_Orfu2025-768x1118.jpg 768w, https:\/\/mecsekrallye.com\/wp-content\/uploads\/2025\/06\/1_nap_gy1_Arpadteto_Orfu2025-1055x1536.jpg 1055w, https:\/\/mecsekrallye.com\/wp-content\/uploads\/2025\/06\/1_nap_gy1_Arpadteto_Orfu2025-8x12.jpg 8w, https:\/\/mecsekrallye.com\/wp-content\/uploads\/2025\/06\/1_nap_gy1_Arpadteto_Orfu2025.jpg 1398w\" sizes=\"(max-width: 703px) 100vw, 703px\" \/>\t\t\t\t\t\t\t\t<\/a>\n\t\t\t\t\t\t\t\t\t\t\t\t\t\t\t<\/div>\n\t\t\t\t<\/div>\n\t\t\t\t<\/div>\n\t\t\t\t\t<\/div>\n\t\t\t\t<\/div>\n\t\t<div class=\"elementor-element elementor-element-07c9ed4 e-flex e-con-boxed e-con e-parent\" data-id=\"07c9ed4\" data-element_type=\"container\" data-e-type=\"container\">\n\t\t\t\t\t<div class=\"e-con-inner\">\n\t\t\t\t<div class=\"elementor-element elementor-element-df14c41 elementor-widget elementor-widget-spacer\" data-id=\"df14c41\" data-element_type=\"widget\" data-e-type=\"widget\" data-widget_type=\"spacer.default\">\n\t\t\t\t<div class=\"elementor-widget-container\">\n\t\t\t\t\t\t\t<div class=\"elementor-spacer\">\n\t\t\t<div class=\"elementor-spacer-inner\"><\/div>\n\t\t<\/div>\n\t\t\t\t\t\t<\/div>\n\t\t\t\t<\/div>\n\t\t\t\t\t<\/div>\n\t\t\t\t<\/div>\n\t\t\t\t<\/div>","protected":false},"excerpt":{"rendered":"<p>58. Mecsek Rallye t\u00e9rk\u00e9pek<\/p>","protected":false},"author":1,"featured_media":0,"parent":0,"menu_order":0,"comment_status":"closed","ping_status":"closed","template":"","meta":{"footnotes":""},"class_list":["post-159","page","type-page","status-publish","hentry"],"_links":{"self":[{"href":"https:\/\/mecsekrallye.com\/en\/wp-json\/wp\/v2\/pages\/159","targetHints":{"allow":["GET"]}}],"collection":[{"href":"https:\/\/mecsekrallye.com\/en\/wp-json\/wp\/v2\/pages"}],"about":[{"href":"https:\/\/mecsekrallye.com\/en\/wp-json\/wp\/v2\/types\/page"}],"author":[{"embeddable":true,"href":"https:\/\/mecsekrallye.com\/en\/wp-json\/wp\/v2\/users\/1"}],"replies":[{"embeddable":true,"href":"https:\/\/mecsekrallye.com\/en\/wp-json\/wp\/v2\/comments?post=159"}],"version-history":[{"count":21,"href":"https:\/\/mecsekrallye.com\/en\/wp-json\/wp\/v2\/pages\/159\/revisions"}],"predecessor-version":[{"id":5294,"href":"https:\/\/mecsekrallye.com\/en\/wp-json\/wp\/v2\/pages\/159\/revisions\/5294"}],"wp:attachment":[{"href":"https:\/\/mecsekrallye.com\/en\/wp-json\/wp\/v2\/media?parent=159"}],"curies":[{"name":"wp","href":"https:\/\/api.w.org\/{rel}","templated":true}]}}