{"id":153,"date":"2024-05-14T21:44:41","date_gmt":"2024-05-14T19:44:41","guid":{"rendered":"http:\/\/cegesmatek.hu\/?page_id=153"},"modified":"2024-06-03T21:16:25","modified_gmt":"2024-06-03T19:16:25","slug":"biztonsag","status":"publish","type":"page","link":"https:\/\/mecsekrallye.com\/en\/biztonsag\/","title":{"rendered":"Safety"},"content":{"rendered":"<div data-elementor-type=\"wp-page\" data-elementor-id=\"153\" class=\"elementor elementor-153\" data-elementor-post-type=\"page\">\n\t\t\t\t<div class=\"elementor-element elementor-element-a19131b e-flex e-con-boxed e-con e-parent\" data-id=\"a19131b\" data-element_type=\"container\" data-e-type=\"container\">\n\t\t\t\t\t<div class=\"e-con-inner\">\n\t\t\t\t<div class=\"elementor-element elementor-element-d270252 elementor-widget elementor-widget-spacer\" data-id=\"d270252\" data-element_type=\"widget\" data-e-type=\"widget\" data-widget_type=\"spacer.default\">\n\t\t\t\t<div class=\"elementor-widget-container\">\n\t\t\t\t\t\t\t<div class=\"elementor-spacer\">\n\t\t\t<div class=\"elementor-spacer-inner\"><\/div>\n\t\t<\/div>\n\t\t\t\t\t\t<\/div>\n\t\t\t\t<\/div>\n\t\t\t\t\t<\/div>\n\t\t\t\t<\/div>\n\t\t<div class=\"elementor-element elementor-element-a9059af e-flex e-con-boxed e-con e-parent\" data-id=\"a9059af\" data-element_type=\"container\" data-e-type=\"container\">\n\t\t\t\t\t<div class=\"e-con-inner\">\n\t\t\t\t<div class=\"elementor-element elementor-element-842e575 elementor-widget elementor-widget-heading\" data-id=\"842e575\" data-element_type=\"widget\" data-e-type=\"widget\" data-widget_type=\"heading.default\">\n\t\t\t\t<div class=\"elementor-widget-container\">\n\t\t\t\t\t<h2 class=\"elementor-heading-title elementor-size-default\">Safety rules next to the track!<\/h2>\t\t\t\t<\/div>\n\t\t\t\t<\/div>\n\t\t\t\t<div class=\"elementor-element elementor-element-e3d1463 elementor-widget elementor-widget-image\" data-id=\"e3d1463\" data-element_type=\"widget\" data-e-type=\"widget\" data-widget_type=\"image.default\">\n\t\t\t\t<div class=\"elementor-widget-container\">\n\t\t\t\t\t\t\t\t\t\t\t\t\t\t\t<img fetchpriority=\"high\" decoding=\"async\" width=\"724\" height=\"1024\" src=\"https:\/\/mecsekrallye.com\/wp-content\/uploads\/2024\/06\/Biztonsag1-page-001-724x1024.jpg\" class=\"attachment-large size-large wp-image-2133\" alt=\"\" srcset=\"https:\/\/mecsekrallye.com\/wp-content\/uploads\/2024\/06\/Biztonsag1-page-001-724x1024.jpg 724w, https:\/\/mecsekrallye.com\/wp-content\/uploads\/2024\/06\/Biztonsag1-page-001-212x300.jpg 212w, https:\/\/mecsekrallye.com\/wp-content\/uploads\/2024\/06\/Biztonsag1-page-001-768x1086.jpg 768w, https:\/\/mecsekrallye.com\/wp-content\/uploads\/2024\/06\/Biztonsag1-page-001-1086x1536.jpg 1086w, https:\/\/mecsekrallye.com\/wp-content\/uploads\/2024\/06\/Biztonsag1-page-001-8x12.jpg 8w, https:\/\/mecsekrallye.com\/wp-content\/uploads\/2024\/06\/Biztonsag1-page-001.jpg 1240w\" sizes=\"(max-width: 724px) 100vw, 724px\" \/>\t\t\t\t\t\t\t\t\t\t\t\t\t\t\t<\/div>\n\t\t\t\t<\/div>\n\t\t\t\t\t<\/div>\n\t\t\t\t<\/div>\n\t\t<div class=\"elementor-element elementor-element-c0488cf e-flex e-con-boxed e-con e-parent\" data-id=\"c0488cf\" data-element_type=\"container\" data-e-type=\"container\">\n\t\t\t\t\t<div class=\"e-con-inner\">\n\t\t\t\t<div class=\"elementor-element elementor-element-b9bbed8 elementor-widget elementor-widget-spacer\" data-id=\"b9bbed8\" data-element_type=\"widget\" data-e-type=\"widget\" data-widget_type=\"spacer.default\">\n\t\t\t\t<div class=\"elementor-widget-container\">\n\t\t\t\t\t\t\t<div class=\"elementor-spacer\">\n\t\t\t<div class=\"elementor-spacer-inner\"><\/div>\n\t\t<\/div>\n\t\t\t\t\t\t<\/div>\n\t\t\t\t<\/div>\n\t\t\t\t\t<\/div>\n\t\t\t\t<\/div>\n\t\t<div class=\"elementor-element elementor-element-8275140 e-grid e-con-boxed e-con e-parent\" data-id=\"8275140\" data-element_type=\"container\" data-e-type=\"container\">\n\t\t\t\t\t<div class=\"e-con-inner\">\n\t\t\t\t<div class=\"elementor-element elementor-element-278289c elementor-widget elementor-widget-image\" data-id=\"278289c\" data-element_type=\"widget\" data-e-type=\"widget\" data-widget_type=\"image.default\">\n\t\t\t\t<div class=\"elementor-widget-container\">\n\t\t\t\t\t\t\t\t\t\t\t\t\t\t\t<img decoding=\"async\" width=\"800\" height=\"450\" src=\"https:\/\/mecsekrallye.com\/wp-content\/uploads\/2024\/06\/01-legyelbiztonsagban_vigyazzmagadra_169_web-1024x576.png\" class=\"attachment-large size-large wp-image-2120\" alt=\"\" srcset=\"https:\/\/mecsekrallye.com\/wp-content\/uploads\/2024\/06\/01-legyelbiztonsagban_vigyazzmagadra_169_web-1024x576.png 1024w, https:\/\/mecsekrallye.com\/wp-content\/uploads\/2024\/06\/01-legyelbiztonsagban_vigyazzmagadra_169_web-300x169.png 300w, https:\/\/mecsekrallye.com\/wp-content\/uploads\/2024\/06\/01-legyelbiztonsagban_vigyazzmagadra_169_web-768x432.png 768w, https:\/\/mecsekrallye.com\/wp-content\/uploads\/2024\/06\/01-legyelbiztonsagban_vigyazzmagadra_169_web-1536x864.png 1536w, https:\/\/mecsekrallye.com\/wp-content\/uploads\/2024\/06\/01-legyelbiztonsagban_vigyazzmagadra_169_web-2048x1152.png 2048w, https:\/\/mecsekrallye.com\/wp-content\/uploads\/2024\/06\/01-legyelbiztonsagban_vigyazzmagadra_169_web-18x10.png 18w\" sizes=\"(max-width: 800px) 100vw, 800px\" \/>\t\t\t\t\t\t\t\t\t\t\t\t\t\t\t<\/div>\n\t\t\t\t<\/div>\n\t\t\t\t<div class=\"elementor-element elementor-element-a6b26ce elementor-widget elementor-widget-image\" data-id=\"a6b26ce\" data-element_type=\"widget\" data-e-type=\"widget\" data-widget_type=\"image.default\">\n\t\t\t\t<div class=\"elementor-widget-container\">\n\t\t\t\t\t\t\t\t\t\t\t\t\t\t\t<img decoding=\"async\" width=\"800\" height=\"450\" src=\"https:\/\/mecsekrallye.com\/wp-content\/uploads\/2024\/06\/1-copy-jpg-1024x576.webp\" class=\"attachment-large size-large wp-image-2121\" alt=\"\" srcset=\"https:\/\/mecsekrallye.com\/wp-content\/uploads\/2024\/06\/1-copy-jpg-1024x576.webp 1024w, https:\/\/mecsekrallye.com\/wp-content\/uploads\/2024\/06\/1-copy-jpg-300x169.webp 300w, https:\/\/mecsekrallye.com\/wp-content\/uploads\/2024\/06\/1-copy-jpg-768x432.webp 768w, https:\/\/mecsekrallye.com\/wp-content\/uploads\/2024\/06\/1-copy-jpg-1536x864.webp 1536w, https:\/\/mecsekrallye.com\/wp-content\/uploads\/2024\/06\/1-copy-jpg-18x10.webp 18w, https:\/\/mecsekrallye.com\/wp-content\/uploads\/2024\/06\/1-copy-jpg.webp 1920w\" sizes=\"(max-width: 800px) 100vw, 800px\" \/>\t\t\t\t\t\t\t\t\t\t\t\t\t\t\t<\/div>\n\t\t\t\t<\/div>\n\t\t\t\t<div class=\"elementor-element elementor-element-61c70a6 elementor-widget elementor-widget-image\" data-id=\"61c70a6\" data-element_type=\"widget\" data-e-type=\"widget\" data-widget_type=\"image.default\">\n\t\t\t\t<div class=\"elementor-widget-container\">\n\t\t\t\t\t\t\t\t\t\t\t\t\t\t\t<img loading=\"lazy\" decoding=\"async\" width=\"800\" height=\"450\" src=\"https:\/\/mecsekrallye.com\/wp-content\/uploads\/2024\/06\/2-copy-jpg-1024x576.webp\" class=\"attachment-large size-large wp-image-2122\" alt=\"\" srcset=\"https:\/\/mecsekrallye.com\/wp-content\/uploads\/2024\/06\/2-copy-jpg-1024x576.webp 1024w, https:\/\/mecsekrallye.com\/wp-content\/uploads\/2024\/06\/2-copy-jpg-300x169.webp 300w, https:\/\/mecsekrallye.com\/wp-content\/uploads\/2024\/06\/2-copy-jpg-768x432.webp 768w, https:\/\/mecsekrallye.com\/wp-content\/uploads\/2024\/06\/2-copy-jpg-1536x864.webp 1536w, https:\/\/mecsekrallye.com\/wp-content\/uploads\/2024\/06\/2-copy-jpg-18x10.webp 18w, https:\/\/mecsekrallye.com\/wp-content\/uploads\/2024\/06\/2-copy-jpg.webp 1920w\" sizes=\"(max-width: 800px) 100vw, 800px\" \/>\t\t\t\t\t\t\t\t\t\t\t\t\t\t\t<\/div>\n\t\t\t\t<\/div>\n\t\t\t\t<div class=\"elementor-element elementor-element-4c6cb2c elementor-widget elementor-widget-image\" data-id=\"4c6cb2c\" data-element_type=\"widget\" data-e-type=\"widget\" data-widget_type=\"image.default\">\n\t\t\t\t<div class=\"elementor-widget-container\">\n\t\t\t\t\t\t\t\t\t\t\t\t\t\t\t<img loading=\"lazy\" decoding=\"async\" width=\"800\" height=\"450\" src=\"https:\/\/mecsekrallye.com\/wp-content\/uploads\/2024\/06\/3-copy-jpg-1024x576.webp\" class=\"attachment-large size-large wp-image-2123\" alt=\"\" srcset=\"https:\/\/mecsekrallye.com\/wp-content\/uploads\/2024\/06\/3-copy-jpg-1024x576.webp 1024w, https:\/\/mecsekrallye.com\/wp-content\/uploads\/2024\/06\/3-copy-jpg-300x169.webp 300w, https:\/\/mecsekrallye.com\/wp-content\/uploads\/2024\/06\/3-copy-jpg-768x432.webp 768w, https:\/\/mecsekrallye.com\/wp-content\/uploads\/2024\/06\/3-copy-jpg-1536x864.webp 1536w, https:\/\/mecsekrallye.com\/wp-content\/uploads\/2024\/06\/3-copy-jpg-18x10.webp 18w, https:\/\/mecsekrallye.com\/wp-content\/uploads\/2024\/06\/3-copy-jpg.webp 1920w\" sizes=\"(max-width: 800px) 100vw, 800px\" \/>\t\t\t\t\t\t\t\t\t\t\t\t\t\t\t<\/div>\n\t\t\t\t<\/div>\n\t\t\t\t<div class=\"elementor-element elementor-element-fcf4719 elementor-widget elementor-widget-image\" data-id=\"fcf4719\" data-element_type=\"widget\" data-e-type=\"widget\" data-widget_type=\"image.default\">\n\t\t\t\t<div class=\"elementor-widget-container\">\n\t\t\t\t\t\t\t\t\t\t\t\t\t\t\t<img loading=\"lazy\" decoding=\"async\" width=\"800\" height=\"450\" src=\"https:\/\/mecsekrallye.com\/wp-content\/uploads\/2024\/06\/4-copy-jpg-1024x576.webp\" class=\"attachment-large size-large wp-image-2124\" alt=\"\" srcset=\"https:\/\/mecsekrallye.com\/wp-content\/uploads\/2024\/06\/4-copy-jpg-1024x576.webp 1024w, https:\/\/mecsekrallye.com\/wp-content\/uploads\/2024\/06\/4-copy-jpg-300x169.webp 300w, https:\/\/mecsekrallye.com\/wp-content\/uploads\/2024\/06\/4-copy-jpg-768x432.webp 768w, https:\/\/mecsekrallye.com\/wp-content\/uploads\/2024\/06\/4-copy-jpg-1536x864.webp 1536w, https:\/\/mecsekrallye.com\/wp-content\/uploads\/2024\/06\/4-copy-jpg-18x10.webp 18w, https:\/\/mecsekrallye.com\/wp-content\/uploads\/2024\/06\/4-copy-jpg.webp 1920w\" sizes=\"(max-width: 800px) 100vw, 800px\" \/>\t\t\t\t\t\t\t\t\t\t\t\t\t\t\t<\/div>\n\t\t\t\t<\/div>\n\t\t\t\t<div class=\"elementor-element elementor-element-51769a3 elementor-widget elementor-widget-image\" data-id=\"51769a3\" data-element_type=\"widget\" data-e-type=\"widget\" data-widget_type=\"image.default\">\n\t\t\t\t<div class=\"elementor-widget-container\">\n\t\t\t\t\t\t\t\t\t\t\t\t\t\t\t<img loading=\"lazy\" decoding=\"async\" width=\"800\" height=\"450\" src=\"https:\/\/mecsekrallye.com\/wp-content\/uploads\/2024\/06\/5-copy-jpg-1024x576.webp\" class=\"attachment-large size-large wp-image-2125\" alt=\"\" srcset=\"https:\/\/mecsekrallye.com\/wp-content\/uploads\/2024\/06\/5-copy-jpg-1024x576.webp 1024w, https:\/\/mecsekrallye.com\/wp-content\/uploads\/2024\/06\/5-copy-jpg-300x169.webp 300w, https:\/\/mecsekrallye.com\/wp-content\/uploads\/2024\/06\/5-copy-jpg-768x432.webp 768w, https:\/\/mecsekrallye.com\/wp-content\/uploads\/2024\/06\/5-copy-jpg-1536x864.webp 1536w, https:\/\/mecsekrallye.com\/wp-content\/uploads\/2024\/06\/5-copy-jpg-18x10.webp 18w, https:\/\/mecsekrallye.com\/wp-content\/uploads\/2024\/06\/5-copy-jpg.webp 1920w\" sizes=\"(max-width: 800px) 100vw, 800px\" \/>\t\t\t\t\t\t\t\t\t\t\t\t\t\t\t<\/div>\n\t\t\t\t<\/div>\n\t\t\t\t<div class=\"elementor-element elementor-element-a084e02 elementor-widget elementor-widget-image\" data-id=\"a084e02\" data-element_type=\"widget\" data-e-type=\"widget\" data-widget_type=\"image.default\">\n\t\t\t\t<div class=\"elementor-widget-container\">\n\t\t\t\t\t\t\t\t\t\t\t\t\t\t\t<img loading=\"lazy\" decoding=\"async\" width=\"800\" height=\"450\" src=\"https:\/\/mecsekrallye.com\/wp-content\/uploads\/2024\/06\/6-copy-jpg-1024x576.webp\" class=\"attachment-large size-large wp-image-2126\" alt=\"\" srcset=\"https:\/\/mecsekrallye.com\/wp-content\/uploads\/2024\/06\/6-copy-jpg-1024x576.webp 1024w, https:\/\/mecsekrallye.com\/wp-content\/uploads\/2024\/06\/6-copy-jpg-300x169.webp 300w, https:\/\/mecsekrallye.com\/wp-content\/uploads\/2024\/06\/6-copy-jpg-768x432.webp 768w, https:\/\/mecsekrallye.com\/wp-content\/uploads\/2024\/06\/6-copy-jpg-1536x864.webp 1536w, https:\/\/mecsekrallye.com\/wp-content\/uploads\/2024\/06\/6-copy-jpg-18x10.webp 18w, https:\/\/mecsekrallye.com\/wp-content\/uploads\/2024\/06\/6-copy-jpg.webp 1920w\" sizes=\"(max-width: 800px) 100vw, 800px\" \/>\t\t\t\t\t\t\t\t\t\t\t\t\t\t\t<\/div>\n\t\t\t\t<\/div>\n\t\t\t\t<div class=\"elementor-element elementor-element-dd73e7c elementor-widget elementor-widget-image\" data-id=\"dd73e7c\" data-element_type=\"widget\" data-e-type=\"widget\" data-widget_type=\"image.default\">\n\t\t\t\t<div class=\"elementor-widget-container\">\n\t\t\t\t\t\t\t\t\t\t\t\t\t\t\t<img loading=\"lazy\" decoding=\"async\" width=\"800\" height=\"450\" src=\"https:\/\/mecsekrallye.com\/wp-content\/uploads\/2024\/06\/7-copy-jpg-1024x576.webp\" class=\"attachment-large size-large wp-image-2127\" alt=\"\" srcset=\"https:\/\/mecsekrallye.com\/wp-content\/uploads\/2024\/06\/7-copy-jpg-1024x576.webp 1024w, https:\/\/mecsekrallye.com\/wp-content\/uploads\/2024\/06\/7-copy-jpg-300x169.webp 300w, https:\/\/mecsekrallye.com\/wp-content\/uploads\/2024\/06\/7-copy-jpg-768x432.webp 768w, https:\/\/mecsekrallye.com\/wp-content\/uploads\/2024\/06\/7-copy-jpg-1536x864.webp 1536w, https:\/\/mecsekrallye.com\/wp-content\/uploads\/2024\/06\/7-copy-jpg-18x10.webp 18w, https:\/\/mecsekrallye.com\/wp-content\/uploads\/2024\/06\/7-copy-jpg.webp 1920w\" sizes=\"(max-width: 800px) 100vw, 800px\" \/>\t\t\t\t\t\t\t\t\t\t\t\t\t\t\t<\/div>\n\t\t\t\t<\/div>\n\t\t\t\t<div class=\"elementor-element elementor-element-90b3b72 elementor-widget elementor-widget-image\" data-id=\"90b3b72\" data-element_type=\"widget\" data-e-type=\"widget\" data-widget_type=\"image.default\">\n\t\t\t\t<div class=\"elementor-widget-container\">\n\t\t\t\t\t\t\t\t\t\t\t\t\t\t\t<img loading=\"lazy\" decoding=\"async\" width=\"800\" height=\"450\" src=\"https:\/\/mecsekrallye.com\/wp-content\/uploads\/2024\/06\/8-copy-jpg-1024x576.webp\" class=\"attachment-large size-large wp-image-2128\" alt=\"\" srcset=\"https:\/\/mecsekrallye.com\/wp-content\/uploads\/2024\/06\/8-copy-jpg-1024x576.webp 1024w, https:\/\/mecsekrallye.com\/wp-content\/uploads\/2024\/06\/8-copy-jpg-300x169.webp 300w, https:\/\/mecsekrallye.com\/wp-content\/uploads\/2024\/06\/8-copy-jpg-768x432.webp 768w, https:\/\/mecsekrallye.com\/wp-content\/uploads\/2024\/06\/8-copy-jpg-1536x864.webp 1536w, https:\/\/mecsekrallye.com\/wp-content\/uploads\/2024\/06\/8-copy-jpg-18x10.webp 18w, https:\/\/mecsekrallye.com\/wp-content\/uploads\/2024\/06\/8-copy-jpg.webp 1920w\" sizes=\"(max-width: 800px) 100vw, 800px\" \/>\t\t\t\t\t\t\t\t\t\t\t\t\t\t\t<\/div>\n\t\t\t\t<\/div>\n\t\t\t\t<div class=\"elementor-element elementor-element-a71d8eb elementor-widget elementor-widget-image\" data-id=\"a71d8eb\" data-element_type=\"widget\" data-e-type=\"widget\" data-widget_type=\"image.default\">\n\t\t\t\t<div class=\"elementor-widget-container\">\n\t\t\t\t\t\t\t\t\t\t\t\t\t\t\t<img loading=\"lazy\" decoding=\"async\" width=\"800\" height=\"450\" src=\"https:\/\/mecsekrallye.com\/wp-content\/uploads\/2024\/06\/9-copy-jpg-1024x576.webp\" class=\"attachment-large size-large wp-image-2129\" alt=\"\" srcset=\"https:\/\/mecsekrallye.com\/wp-content\/uploads\/2024\/06\/9-copy-jpg-1024x576.webp 1024w, https:\/\/mecsekrallye.com\/wp-content\/uploads\/2024\/06\/9-copy-jpg-300x169.webp 300w, https:\/\/mecsekrallye.com\/wp-content\/uploads\/2024\/06\/9-copy-jpg-768x432.webp 768w, https:\/\/mecsekrallye.com\/wp-content\/uploads\/2024\/06\/9-copy-jpg-1536x864.webp 1536w, https:\/\/mecsekrallye.com\/wp-content\/uploads\/2024\/06\/9-copy-jpg-18x10.webp 18w, https:\/\/mecsekrallye.com\/wp-content\/uploads\/2024\/06\/9-copy-jpg.webp 1920w\" sizes=\"(max-width: 800px) 100vw, 800px\" \/>\t\t\t\t\t\t\t\t\t\t\t\t\t\t\t<\/div>\n\t\t\t\t<\/div>\n\t\t\t\t\t<\/div>\n\t\t\t\t<\/div>\n\t\t<div class=\"elementor-element elementor-element-5d3f17b e-flex e-con-boxed e-con e-parent\" data-id=\"5d3f17b\" data-element_type=\"container\" data-e-type=\"container\">\n\t\t\t\t\t<div class=\"e-con-inner\">\n\t\t\t\t<div class=\"elementor-element elementor-element-aa1c4cb elementor-widget elementor-widget-spacer\" data-id=\"aa1c4cb\" data-element_type=\"widget\" data-e-type=\"widget\" data-widget_type=\"spacer.default\">\n\t\t\t\t<div class=\"elementor-widget-container\">\n\t\t\t\t\t\t\t<div class=\"elementor-spacer\">\n\t\t\t<div class=\"elementor-spacer-inner\"><\/div>\n\t\t<\/div>\n\t\t\t\t\t\t<\/div>\n\t\t\t\t<\/div>\n\t\t\t\t\t<\/div>\n\t\t\t\t<\/div>\n\t\t<div class=\"elementor-element elementor-element-4f439e7 e-flex e-con-boxed e-con e-parent\" data-id=\"4f439e7\" data-element_type=\"container\" data-e-type=\"container\">\n\t\t\t\t\t<div class=\"e-con-inner\">\n\t\t\t\t<div class=\"elementor-element elementor-element-0094339 elementor-widget elementor-widget-heading\" data-id=\"0094339\" data-element_type=\"widget\" data-e-type=\"widget\" data-widget_type=\"heading.default\">\n\t\t\t\t<div class=\"elementor-widget-container\">\n\t\t\t\t\t<h2 class=\"elementor-heading-title elementor-size-default\">Listen to your favorites!<\/h2>\t\t\t\t<\/div>\n\t\t\t\t<\/div>\n\t\t\t\t\t<\/div>\n\t\t\t\t<\/div>\n\t\t<div class=\"elementor-element elementor-element-8dc074c e-con-full e-flex e-con e-parent\" data-id=\"8dc074c\" data-element_type=\"container\" data-e-type=\"container\">\n\t\t\t\t<div class=\"elementor-element elementor-element-76c466c elementor-widget__width-inherit elementor-widget elementor-widget-video\" data-id=\"76c466c\" data-element_type=\"widget\" data-e-type=\"widget\" data-settings=\"{&quot;youtube_url&quot;:&quot;https:\\\/\\\/www.youtube.com\\\/watch?v=KrXy6EXMwIg&quot;,&quot;autoplay&quot;:&quot;yes&quot;,&quot;loop&quot;:&quot;yes&quot;,&quot;video_type&quot;:&quot;youtube&quot;,&quot;controls&quot;:&quot;yes&quot;}\" data-widget_type=\"video.default\">\n\t\t\t\t<div class=\"elementor-widget-container\">\n\t\t\t\t\t\t\t<div class=\"elementor-wrapper elementor-open-inline\">\n\t\t\t<div class=\"elementor-video\"><\/div>\t\t<\/div>\n\t\t\t\t\t\t<\/div>\n\t\t\t\t<\/div>\n\t\t\t\t<\/div>\n\t\t<div class=\"elementor-element elementor-element-8aa9785 e-flex e-con-boxed e-con e-parent\" data-id=\"8aa9785\" data-element_type=\"container\" data-e-type=\"container\">\n\t\t\t\t\t<div class=\"e-con-inner\">\n\t\t\t\t<div class=\"elementor-element elementor-element-8eca421 elementor-widget elementor-widget-spacer\" data-id=\"8eca421\" data-element_type=\"widget\" data-e-type=\"widget\" data-widget_type=\"spacer.default\">\n\t\t\t\t<div class=\"elementor-widget-container\">\n\t\t\t\t\t\t\t<div class=\"elementor-spacer\">\n\t\t\t<div class=\"elementor-spacer-inner\"><\/div>\n\t\t<\/div>\n\t\t\t\t\t\t<\/div>\n\t\t\t\t<\/div>\n\t\t\t\t\t<\/div>\n\t\t\t\t<\/div>\n\t\t\t\t<\/div>","protected":false},"excerpt":{"rendered":"<p>Biztons\u00e1gi szab\u00e1lyok a p\u00e1lya mellett! Hallgass kedvenceidre!<\/p>","protected":false},"author":1,"featured_media":0,"parent":0,"menu_order":0,"comment_status":"closed","ping_status":"closed","template":"","meta":{"footnotes":""},"class_list":["post-153","page","type-page","status-publish","hentry"],"_links":{"self":[{"href":"https:\/\/mecsekrallye.com\/en\/wp-json\/wp\/v2\/pages\/153","targetHints":{"allow":["GET"]}}],"collection":[{"href":"https:\/\/mecsekrallye.com\/en\/wp-json\/wp\/v2\/pages"}],"about":[{"href":"https:\/\/mecsekrallye.com\/en\/wp-json\/wp\/v2\/types\/page"}],"author":[{"embeddable":true,"href":"https:\/\/mecsekrallye.com\/en\/wp-json\/wp\/v2\/users\/1"}],"replies":[{"embeddable":true,"href":"https:\/\/mecsekrallye.com\/en\/wp-json\/wp\/v2\/comments?post=153"}],"version-history":[{"count":12,"href":"https:\/\/mecsekrallye.com\/en\/wp-json\/wp\/v2\/pages\/153\/revisions"}],"predecessor-version":[{"id":2142,"href":"https:\/\/mecsekrallye.com\/en\/wp-json\/wp\/v2\/pages\/153\/revisions\/2142"}],"wp:attachment":[{"href":"https:\/\/mecsekrallye.com\/en\/wp-json\/wp\/v2\/media?parent=153"}],"curies":[{"name":"wp","href":"https:\/\/api.w.org\/{rel}","templated":true}]}}