{"id":136,"date":"2024-03-17T15:45:50","date_gmt":"2024-03-17T15:45:50","guid":{"rendered":"https:\/\/esztergomrally.hu\/?page_id=17"},"modified":"2024-06-08T19:09:16","modified_gmt":"2024-06-08T17:09:16","slug":"versenyinformaciok","status":"publish","type":"page","link":"https:\/\/mecsekrallye.com\/en\/versenyinformaciok\/","title":{"rendered":"Contest information"},"content":{"rendered":"<div data-elementor-type=\"wp-page\" data-elementor-id=\"136\" class=\"elementor elementor-136\" data-elementor-post-type=\"page\">\n\t\t\t\t<div class=\"elementor-element elementor-element-fcebb19 e-flex e-con-boxed e-con e-parent\" data-id=\"fcebb19\" data-element_type=\"container\" data-e-type=\"container\">\n\t\t\t\t\t<div class=\"e-con-inner\">\n\t\t\t\t<div class=\"elementor-element elementor-element-abf7e3a elementor-widget elementor-widget-spacer\" data-id=\"abf7e3a\" data-element_type=\"widget\" data-e-type=\"widget\" data-widget_type=\"spacer.default\">\n\t\t\t\t<div class=\"elementor-widget-container\">\n\t\t\t\t\t\t\t<div class=\"elementor-spacer\">\n\t\t\t<div class=\"elementor-spacer-inner\"><\/div>\n\t\t<\/div>\n\t\t\t\t\t\t<\/div>\n\t\t\t\t<\/div>\n\t\t\t\t\t<\/div>\n\t\t\t\t<\/div>\n\t\t<div class=\"elementor-element elementor-element-4dbcf36 e-flex e-con-boxed e-con e-parent\" data-id=\"4dbcf36\" data-element_type=\"container\" data-e-type=\"container\">\n\t\t\t\t\t<div class=\"e-con-inner\">\n\t\t\t\t<div class=\"elementor-element elementor-element-35dc60a elementor-widget__width-inherit elementor-widget elementor-widget-heading\" data-id=\"35dc60a\" data-element_type=\"widget\" data-e-type=\"widget\" data-widget_type=\"heading.default\">\n\t\t\t\t<div class=\"elementor-widget-container\">\n\t\t\t\t\t<h2 class=\"elementor-heading-title elementor-size-default\">Contest information<\/h2>\t\t\t\t<\/div>\n\t\t\t\t<\/div>\n\t\t\t\t\t<\/div>\n\t\t\t\t<\/div>\n\t\t<div class=\"elementor-element elementor-element-a0895e9 e-flex e-con-boxed e-con e-parent\" data-id=\"a0895e9\" data-element_type=\"container\" data-e-type=\"container\">\n\t\t\t\t\t<div class=\"e-con-inner\">\n\t\t\t\t<div class=\"elementor-element elementor-element-f710abf elementor-widget elementor-widget-spacer\" data-id=\"f710abf\" data-element_type=\"widget\" data-e-type=\"widget\" data-widget_type=\"spacer.default\">\n\t\t\t\t<div class=\"elementor-widget-container\">\n\t\t\t\t\t\t\t<div class=\"elementor-spacer\">\n\t\t\t<div class=\"elementor-spacer-inner\"><\/div>\n\t\t<\/div>\n\t\t\t\t\t\t<\/div>\n\t\t\t\t<\/div>\n\t\t\t\t\t<\/div>\n\t\t\t\t<\/div>\n\t\t<div class=\"elementor-element elementor-element-75fd38d e-flex e-con-boxed e-con e-parent\" data-id=\"75fd38d\" data-element_type=\"container\" data-e-type=\"container\">\n\t\t\t\t\t<div class=\"e-con-inner\">\n\t\t<div class=\"elementor-element elementor-element-4f5ebab e-flex e-con-boxed e-con e-child\" data-id=\"4f5ebab\" data-element_type=\"container\" data-e-type=\"container\" data-settings=\"{&quot;background_background&quot;:&quot;classic&quot;}\">\n\t\t\t\t\t<div class=\"e-con-inner\">\n\t\t\t\t<div class=\"elementor-element elementor-element-f5cdca5 elementor-align-center elementor-widget elementor-widget-button\" data-id=\"f5cdca5\" data-element_type=\"widget\" data-e-type=\"widget\" data-widget_type=\"button.default\">\n\t\t\t\t<div class=\"elementor-widget-container\">\n\t\t\t\t\t\t\t\t\t<div class=\"elementor-button-wrapper\">\n\t\t\t\t\t<a class=\"elementor-button elementor-button-link elementor-size-sm\" href=\"https:\/\/mecsekrallye.com\/en\/dokumentumok\/\" dokumentum=\"\">\n\t\t\t\t\t\t<span class=\"elementor-button-content-wrapper\">\n\t\t\t\t\t\t\t\t\t<span class=\"elementor-button-text\">Documents<\/span>\n\t\t\t\t\t<\/span>\n\t\t\t\t\t<\/a>\n\t\t\t\t<\/div>\n\t\t\t\t\t\t\t\t<\/div>\n\t\t\t\t<\/div>\n\t\t\t\t<div class=\"elementor-element elementor-element-6c10ae6 elementor-widget elementor-widget-text-editor\" data-id=\"6c10ae6\" data-element_type=\"widget\" data-e-type=\"widget\" data-widget_type=\"text-editor.default\">\n\t\t\t\t<div class=\"elementor-widget-container\">\n\t\t\t\t\t\t\t\t\t<p><strong>Documents can be found:<\/strong>\u00a0<br \/>&#8211; Supplementary Regulations (FIA Historic EB)<\/p><p>&#8211; Supplementary Regulations (CEZ,ORB, ORB2, ORB2, ORC, HIST)<\/p><p>&#8211; Rally Guide 1<\/p><p>- Competition announcement<\/p><p>- EHRC entry list<\/p><p>- Maps<\/p>\t\t\t\t\t\t\t\t<\/div>\n\t\t\t\t<\/div>\n\t\t\t\t\t<\/div>\n\t\t\t\t<\/div>\n\t\t\t\t\t<\/div>\n\t\t\t\t<\/div>\n\t\t\t\t<\/div>","protected":false},"excerpt":{"rendered":"<p>Versenyz\u0151i inform\u00e1ci\u00f3k Dokumentumok Dokumentumok k\u00f6z\u00f6tt tal\u00e1lhat\u00f3:\u00a0&#8211; Supplementary Regulations (FIA Historic EB) &#8211; Supplementary Regulations (CEZ,ORB, ORB2, ORB2, ORC, HIST) &#8211; Rally Guide 1 &#8211; Versenyki\u00edr\u00e1s &#8211; EHRC nevez\u00e9si lista &#8211; T\u00e9rk\u00e9pek<\/p>","protected":false},"author":1,"featured_media":144,"parent":0,"menu_order":0,"comment_status":"closed","ping_status":"closed","template":"","meta":{"footnotes":""},"class_list":["post-136","page","type-page","status-publish","has-post-thumbnail","hentry"],"_links":{"self":[{"href":"https:\/\/mecsekrallye.com\/en\/wp-json\/wp\/v2\/pages\/136","targetHints":{"allow":["GET"]}}],"collection":[{"href":"https:\/\/mecsekrallye.com\/en\/wp-json\/wp\/v2\/pages"}],"about":[{"href":"https:\/\/mecsekrallye.com\/en\/wp-json\/wp\/v2\/types\/page"}],"author":[{"embeddable":true,"href":"https:\/\/mecsekrallye.com\/en\/wp-json\/wp\/v2\/users\/1"}],"replies":[{"embeddable":true,"href":"https:\/\/mecsekrallye.com\/en\/wp-json\/wp\/v2\/comments?post=136"}],"version-history":[{"count":36,"href":"https:\/\/mecsekrallye.com\/en\/wp-json\/wp\/v2\/pages\/136\/revisions"}],"predecessor-version":[{"id":2293,"href":"https:\/\/mecsekrallye.com\/en\/wp-json\/wp\/v2\/pages\/136\/revisions\/2293"}],"wp:featuredmedia":[{"embeddable":true,"href":"https:\/\/mecsekrallye.com\/en\/wp-json\/"}],"wp:attachment":[{"href":"https:\/\/mecsekrallye.com\/en\/wp-json\/wp\/v2\/media?parent=136"}],"curies":[{"name":"wp","href":"https:\/\/api.w.org\/{rel}","templated":true}]}}